{"id":78,"date":"2020-06-02T15:19:03","date_gmt":"2020-06-02T15:19:03","guid":{"rendered":"http:\/\/memoiresdumonde.gouv.ml\/?page_id=78"},"modified":"2020-06-04T09:09:24","modified_gmt":"2020-06-04T09:09:24","slug":"le-patrimoine-inscrit-du-mali","status":"publish","type":"page","link":"https:\/\/memoiresdumonde.gouv.ml\/index.php\/le-patrimoine-inscrit-du-mali\/","title":{"rendered":"Le Patrimoine inscrit du Mali"},"content":{"rendered":"\n<div class=\"wp-block-themeisle-blocks-advanced-columns has-1-columns has-desktop-equal-layout has-tablet-equal-layout has-mobile-equal-layout has-default-gap has-vertical-unset\" id=\"wp-block-themeisle-blocks-advanced-columns-0e8a1bc6\"><div class=\"wp-block-themeisle-blocks-advanced-columns-overlay\"><\/div><div class=\"innerblocks-wrap\">\n<div class=\"wp-block-themeisle-blocks-advanced-column\" id=\"wp-block-themeisle-blocks-advanced-column-b16b665a\">\n<p align=\"justify\">Notre pays, le Mali a inscrit dans le registre M\u00e9moire du monde 3 documents.<\/p>\n<p><strong>1. Le livre de la gu\u00e9rison des maladies internes et externes affectant le corps (Kit\u0101b Shif\u0101 al-Asq\u0101m al-\u0100ri\u1e0dat min al-\u1e92ahir wa al-B\u0101\u1e6din min al-Ajs\u0101m).<\/strong><\/p>\n<p align=\"justify\">Patrimoine documentaire soumis par l\u2019ONG pour la Sauvegarde et Valorisation des Manuscrits pour la D\u00e9fense de la Culture Islamique (SAVAMA-DCI) et recommand\u00e9 \u00e0 l&rsquo;inscription au Registre M\u00e9moire du monde en 2017.<\/p>\n<p align=\"justify\">C&rsquo;est un manuscrit, r\u00e9dig\u00e9 par un natif de Tombouctou du nom de Sayyid Ahmad al-Raqq\u00e0d (ou al-Raqq\u00e0di) al-kunti (1096\/1684). Le document en question parle des diff\u00e9rents temp\u00e9raments et vertus des animaux, oiseaux, plantes m\u00e9dicinales, produits miniers, mais \u00e9galement de soins des blessures et de chirurgie. La mati\u00e8re dont traite cet ouvrage d\u00e9passe largement le domaine purement m\u00e9dical pour englober celui de la magie et, par-del\u00e0 le traitement des \u00e2mes et des corps, r\u00e9pondre aux attentes de l\u2019homme dans sa vie d\u2019ici-bas et lui conf\u00e9rer une forme d\u2019harmonie avec son environnement. Ainsi, l\u2019auteur aborde des questions telles que l\u2019exorcisme, le rejet de l\u2019influence malfaisante des envieux, le r\u00e9tablissement d\u2019une bonne entente entre mari et femme, l\u2019\u00e9loignement des mauvais esprits, les pratiques divinatoires favorables \u00e0 une bonne r\u00e9colte, la lutte contre la st\u00e9rilit\u00e9, la recherche des objets perdus etc. Le livre fut soumis en 2016 et inscrit en 2017.<\/p>\n<p><strong>2. Les Int\u00e9r\u00eats de l\u2019\u00eatre li\u00e9es aux religions et corps(Ma\u1e63\u0101li\u1e25 al-Ins\u0101n al-Muta\u02bfalliqat bi al-Ady\u0101nwa al-Abd\u0101n)<\/strong><\/p>\n<p align=\"justify\">Patrimoine documentaire soumis par le Mali et le Nig\u00e9ria et recommand\u00e9 \u00e0 l&rsquo;inscription au Registre M\u00e9moire du monde en 2017.<\/p>\n<p align=\"justify\">Un ouvrage d\u2019Abdullah Dan Fodio (1766 \u2013 1829) divis\u00e9 en deux parties. La premi\u00e8re traite des droits accord\u00e9s par le droit musulman \u00e0 l\u2019\u00eatre humain de la conception \u00e0 la mort (le choix de la m\u00e8re, lors de l\u2019union pour le mariage, le bapt\u00eame, la circoncision, la pr\u00e9scolarisation et scolarisation, le mariage, etc.). Dans la deuxi\u00e8me, consacr\u00e9e \u00e0 la m\u00e9decine, l\u2019auteur d\u00e9clare qu\u2019elle d\u00e9coule de deux sources principales que sont la r\u00e9v\u00e9lation (Coran et hadiths) et l\u2019exp\u00e9rimentation. Dans cette derni\u00e8re, il traite de l\u2019influence des facteurs environnementaux sur la sant\u00e9. Sa vision de la m\u00e9decine est bas\u00e9e sur la th\u00e9orie des humeurs, selon laquelle le corps est constitu\u00e9 des quatre \u00e9l\u00e9ments fondamentaux : air, feu, eau et terre poss\u00e9dant quatre qualit\u00e9s, \u00e0 savoir, chaud ou froid, sec ou humide. La maladie est donc caus\u00e9e par le d\u00e9s\u00e9quilibre entre ces \u00e9l\u00e9ments.&nbsp;Il a \u00e9galement trait\u00e9 \u00e0 la fin de ce chapitre de l\u2019\u00e9thique de la pratique m\u00e9dicale, tels que le respect de la confidentialit\u00e9 des patients, le traitement des patients avec bont\u00e9 et hospitalit\u00e9, la non pratique de la m\u00e9decine pour le b\u00e9n\u00e9fice seulement mais pour un souci v\u00e9ritable d\u2019aider les d\u00e9laiss\u00e9s, etc. Il fut soumis en 2016 et inscrit en 2017.<\/p>\n<p><strong>3. Rappel \u00e0 ceux qui ne pr\u00eatent pas attention aux m\u00e9faits caus\u00e9s par la divergence entre croyants (Tadkirat al g\u0101filin \u2018anqubhihtil\u0101f al- mu\u2019minin)<\/strong><\/p>\n<p align=\"justify\">Patrimoine documentaire soumis par le Mali et recommand\u00e9 \u00e0 l&rsquo;inscription au Registre M\u00e9moire du monde en 2017.<\/p>\n<p align=\"justify\">Le \u2018Tadkirat al g\u0101filin \u2018anqubhihtil\u0101f al- mu\u2019minin\u2019 est un po\u00e8me \u00e9crit par Cheikh Al-HagUmarTall, fondateur de l\u2019empire de toucouleur, n\u00e9 \u00e0 Halwar pr\u00e8s de Podor dans le Fouta Toro (S\u00e9n\u00e9gal) vers 1797. Al-\u1e24\u0101\u011fUm\u0101r a compos\u00e9 ce po\u00e8me en acrostiche \u00e0 partir des lettres de deux versets de la Sourat 49 alors qu\u2019il rentrait de la Mecque et afin de r\u00e9concilier les \u00e9mirs de Sokoto et de Borno sur la question de la l\u00e9gitimit\u00e9 du djihad (guerre sainte) contre les musulmans qui ne pratiquaient pas certains pr\u00e9ceptes de l\u2019Islam. L\u2019ouvrage est compos\u00e9 de trois parties : une introduction, un d\u00e9veloppement et une conclusion.<\/p>\n<p><\/p>\n<\/div>\n<\/div><\/div>\n","protected":false},"excerpt":{"rendered":"<p>Notre pays, le Mali a inscrit dans le registre M\u00e9moire du monde 3 documents. 1. Le livre de la gu\u00e9rison des maladies internes et externes affectant le corps (Kit\u0101b Shif\u0101 al-Asq\u0101m al-\u0100ri\u1e0dat min al-\u1e92ahir wa al-B\u0101\u1e6din min al-Ajs\u0101m). Patrimoine documentaire soumis par l\u2019ONG pour la Sauvegarde et Valorisation des Manuscrits [&hellip;]<\/p>\n","protected":false},"author":2,"featured_media":0,"parent":0,"menu_order":0,"comment_status":"closed","ping_status":"closed","template":"","meta":{"footnotes":""},"class_list":["post-78","page","type-page","status-publish","hentry"],"_links":{"self":[{"href":"https:\/\/memoiresdumonde.gouv.ml\/index.php\/wp-json\/wp\/v2\/pages\/78","targetHints":{"allow":["GET"]}}],"collection":[{"href":"https:\/\/memoiresdumonde.gouv.ml\/index.php\/wp-json\/wp\/v2\/pages"}],"about":[{"href":"https:\/\/memoiresdumonde.gouv.ml\/index.php\/wp-json\/wp\/v2\/types\/page"}],"author":[{"embeddable":true,"href":"https:\/\/memoiresdumonde.gouv.ml\/index.php\/wp-json\/wp\/v2\/users\/2"}],"replies":[{"embeddable":true,"href":"https:\/\/memoiresdumonde.gouv.ml\/index.php\/wp-json\/wp\/v2\/comments?post=78"}],"version-history":[{"count":4,"href":"https:\/\/memoiresdumonde.gouv.ml\/index.php\/wp-json\/wp\/v2\/pages\/78\/revisions"}],"predecessor-version":[{"id":116,"href":"https:\/\/memoiresdumonde.gouv.ml\/index.php\/wp-json\/wp\/v2\/pages\/78\/revisions\/116"}],"wp:attachment":[{"href":"https:\/\/memoiresdumonde.gouv.ml\/index.php\/wp-json\/wp\/v2\/media?parent=78"}],"curies":[{"name":"wp","href":"https:\/\/api.w.org\/{rel}","templated":true}]}}