{"id":74,"date":"2020-06-02T14:50:00","date_gmt":"2020-06-02T14:50:00","guid":{"rendered":"http:\/\/memoiresdumonde.gouv.ml\/?page_id=74"},"modified":"2020-06-02T16:31:34","modified_gmt":"2020-06-02T16:31:34","slug":"le-comite-national-du-mali","status":"publish","type":"page","link":"https:\/\/memoiresdumonde.gouv.ml\/index.php\/le-comite-national-du-mali\/","title":{"rendered":"Le Comit\u00e9 National du Mali"},"content":{"rendered":"\n<div class=\"wp-block-themeisle-blocks-advanced-columns has-1-columns has-desktop-equal-layout has-tablet-equal-layout has-mobile-equal-layout has-default-gap has-vertical-unset\" id=\"wp-block-themeisle-blocks-advanced-columns-7cc991d7\"><div class=\"wp-block-themeisle-blocks-advanced-columns-overlay\"><\/div><div class=\"innerblocks-wrap\">\n<div class=\"wp-block-themeisle-blocks-advanced-column\" id=\"wp-block-themeisle-blocks-advanced-column-d32d8f89\">\n<p align=\"justify\">Le Mali a compris depuis les premi\u00e8res heures suivant la mise en place du Programme m\u00e9moire du monde de l&rsquo;importance de la sauvegarde de son patrimoine documentaire.<\/p>\n\n\n\n<p align=\"justify\">Le D\u00e9cret N\u00b008-729\/P-RM du 11 d\u00e9cembre 2008 pris en Conseil des ministres pour la cr\u00e9ation du Comit\u00e9 National du programme m\u00e9moire du monde est la preuve de l&rsquo;engagement du pays pour sa mise en \u0153uvre.<\/p>\n\n\n\n<p align=\"justify\">Le Comit\u00e9 est dirig\u00e9 par le Directeur national de la biblioth\u00e8que nationale du Mali.<\/p>\n<\/div>\n<\/div><\/div>\n","protected":false},"excerpt":{"rendered":"","protected":false},"author":2,"featured_media":0,"parent":0,"menu_order":0,"comment_status":"closed","ping_status":"closed","template":"","meta":{"footnotes":""},"class_list":["post-74","page","type-page","status-publish","hentry"],"_links":{"self":[{"href":"https:\/\/memoiresdumonde.gouv.ml\/index.php\/wp-json\/wp\/v2\/pages\/74","targetHints":{"allow":["GET"]}}],"collection":[{"href":"https:\/\/memoiresdumonde.gouv.ml\/index.php\/wp-json\/wp\/v2\/pages"}],"about":[{"href":"https:\/\/memoiresdumonde.gouv.ml\/index.php\/wp-json\/wp\/v2\/types\/page"}],"author":[{"embeddable":true,"href":"https:\/\/memoiresdumonde.gouv.ml\/index.php\/wp-json\/wp\/v2\/users\/2"}],"replies":[{"embeddable":true,"href":"https:\/\/memoiresdumonde.gouv.ml\/index.php\/wp-json\/wp\/v2\/comments?post=74"}],"version-history":[{"count":4,"href":"https:\/\/memoiresdumonde.gouv.ml\/index.php\/wp-json\/wp\/v2\/pages\/74\/revisions"}],"predecessor-version":[{"id":137,"href":"https:\/\/memoiresdumonde.gouv.ml\/index.php\/wp-json\/wp\/v2\/pages\/74\/revisions\/137"}],"wp:attachment":[{"href":"https:\/\/memoiresdumonde.gouv.ml\/index.php\/wp-json\/wp\/v2\/media?parent=74"}],"curies":[{"name":"wp","href":"https:\/\/api.w.org\/{rel}","templated":true}]}}