{"id":29,"date":"2020-04-25T14:36:10","date_gmt":"2020-04-25T14:36:10","guid":{"rendered":"http:\/\/memoiresdumonde.gouv.ml\/?page_id=29"},"modified":"2020-08-07T12:49:54","modified_gmt":"2020-08-07T12:49:54","slug":"home","status":"publish","type":"page","link":"https:\/\/memoiresdumonde.gouv.ml\/","title":{"rendered":"Bienvenue"},"content":{"rendered":"\n<p align=\"justify\">Le Programme M\u00e9moire du monde fut mis en place par L&rsquo;UNESCO en 1992. Il est n\u00e9 d&rsquo;une prise de conscience de l&rsquo;\u00e9tat de pr\u00e9servation alarmant du patrimoine documentaire et de la pr\u00e9carit\u00e9 de son acc\u00e8s dans diff\u00e9rentes r\u00e9gions du monde. <\/p>\n\n\n\n<p align=\"justify\">Le patrimoine documentaire mondial est \u00e9galement mis en p\u00e9ril par les guerres et les troubles sociaux, conjugu\u00e9s \u00e0 une grave p\u00e9nurie des ressources n\u00e9cessaires aux activit\u00e9s de pr\u00e9servation et de conservation.<\/p>\n\n\n\n<p align=\"justify\">Pour son ex\u00e9cution, le Programme demande la cr\u00e9ation des comit\u00e9s nationaux dans chaque pays<\/p>\n\n\n<p align=\"justify\">Notre pays, le Mali souffrant de plusieurs de ces maux, a pris conscience de la n\u00e9cessit\u00e9 de sauvegarder son patrimoine documentaire. il a pris en conseil des ministres, le D\u00e9cret N\u00b008-729\/P-RM du 11 d\u00e9cembre 2008 portant cr\u00e9ation du Comit\u00e9 National du programme m\u00e9moire du monde <a href=\"http:\/\/memoiresdumonde.gouv.ml\/wp-content\/uploads\/2020\/08\/Decret-memoire-du-monde.pdf\">telecharger<\/a>.<\/p>\n\n\n<p align=\"justify\">La mise en \u0153uvre du programme tourne autour de l&rsquo;adoption de cinq strat\u00e9gies cl\u00e9s qui sont : l&rsquo;identification du patrimoine documentaire, la sensibilisation, la pr\u00e9servation, l&rsquo;acc\u00e8s, la structure, les statuts et les relations.<\/p>\n\n\n\n<p align=\"justify\">La r\u00e9ussite du Programme est subordonn\u00e9e dans une large mesure au dynamisme, au sens de l&rsquo;initiative et \u00e0 l&rsquo;enthousiasme des comit\u00e9s r\u00e9gionaux et nationaux.<\/p>\n\n\n\n<p align=\"justify\">Ce site web mis en place par le comit\u00e9 national du programme M\u00e9moire du monde Mali a pour objet de faire connaitre les actions men\u00e9es par le Mali.<\/p>\n\n\n\n<p align=\"right\"><strong>Le Pr\u00e9sident du Comit\u00e9<\/strong><\/p>\n","protected":false},"excerpt":{"rendered":"<p>Le Programme M\u00e9moire du monde fut mis en place par L&rsquo;UNESCO en 1992. Il est n\u00e9 d&rsquo;une prise de conscience de l&rsquo;\u00e9tat de pr\u00e9servation alarmant du patrimoine documentaire et de la pr\u00e9carit\u00e9 de son acc\u00e8s dans diff\u00e9rentes r\u00e9gions du monde. Le patrimoine documentaire mondial est \u00e9galement mis en p\u00e9ril par [&hellip;]<\/p>\n","protected":false},"author":2,"featured_media":0,"parent":0,"menu_order":0,"comment_status":"closed","ping_status":"closed","template":"","meta":{"footnotes":""},"class_list":["post-29","page","type-page","status-publish","hentry"],"_links":{"self":[{"href":"https:\/\/memoiresdumonde.gouv.ml\/index.php\/wp-json\/wp\/v2\/pages\/29","targetHints":{"allow":["GET"]}}],"collection":[{"href":"https:\/\/memoiresdumonde.gouv.ml\/index.php\/wp-json\/wp\/v2\/pages"}],"about":[{"href":"https:\/\/memoiresdumonde.gouv.ml\/index.php\/wp-json\/wp\/v2\/types\/page"}],"author":[{"embeddable":true,"href":"https:\/\/memoiresdumonde.gouv.ml\/index.php\/wp-json\/wp\/v2\/users\/2"}],"replies":[{"embeddable":true,"href":"https:\/\/memoiresdumonde.gouv.ml\/index.php\/wp-json\/wp\/v2\/comments?post=29"}],"version-history":[{"count":24,"href":"https:\/\/memoiresdumonde.gouv.ml\/index.php\/wp-json\/wp\/v2\/pages\/29\/revisions"}],"predecessor-version":[{"id":136,"href":"https:\/\/memoiresdumonde.gouv.ml\/index.php\/wp-json\/wp\/v2\/pages\/29\/revisions\/136"}],"wp:attachment":[{"href":"https:\/\/memoiresdumonde.gouv.ml\/index.php\/wp-json\/wp\/v2\/media?parent=29"}],"curies":[{"name":"wp","href":"https:\/\/api.w.org\/{rel}","templated":true}]}}