{"id":103,"date":"2020-06-02T16:46:27","date_gmt":"2020-06-02T16:46:27","guid":{"rendered":"http:\/\/memoiresdumonde.gouv.ml\/?page_id=103"},"modified":"2020-06-02T16:57:34","modified_gmt":"2020-06-02T16:57:34","slug":"les-realisations","status":"publish","type":"page","link":"https:\/\/memoiresdumonde.gouv.ml\/index.php\/les-realisations\/","title":{"rendered":"Les r\u00e9alisations"},"content":{"rendered":"\n<div class=\"wp-block-themeisle-blocks-advanced-columns has-1-columns has-desktop-equal-layout has-tablet-equal-layout has-mobile-equal-layout has-default-gap has-vertical-unset\" id=\"wp-block-themeisle-blocks-advanced-columns-c777b3e7\"><div class=\"wp-block-themeisle-blocks-advanced-columns-overlay\"><\/div><div class=\"innerblocks-wrap\">\n<div class=\"wp-block-themeisle-blocks-advanced-column\" id=\"wp-block-themeisle-blocks-advanced-column-02e8df55\">\n<p align=\"justify\">Le Comit\u00e9 M\u00e9moire du monde du Mali en partenariat avec le bureau UNESCO du Mali a organis\u00e9 un certain nombre d&rsquo;activit\u00e9s ensemble de 2014 \u00e0 2017.<\/p>\n\n\n\n<p align=\"justify\">1. Organisation d&rsquo;un atelier de renforcement des capacit\u00e9s du Comit\u00e9 national M\u00e9moire du monde en f\u00e9vrier 2014;<\/p>\n\n\n\n<p align=\"justify\">2. Organisation d&rsquo;un atelier de renforcement des capacit\u00e9s du personnel technique des biblioth\u00e8ques, centres de documentation, archives et salles de num\u00e9risation du patrimoine documentaire en novembre 2015.<\/p>\n<\/div>\n<\/div><\/div>\n","protected":false},"excerpt":{"rendered":"","protected":false},"author":2,"featured_media":0,"parent":0,"menu_order":0,"comment_status":"closed","ping_status":"closed","template":"","meta":{"footnotes":""},"class_list":["post-103","page","type-page","status-publish","hentry"],"_links":{"self":[{"href":"https:\/\/memoiresdumonde.gouv.ml\/index.php\/wp-json\/wp\/v2\/pages\/103","targetHints":{"allow":["GET"]}}],"collection":[{"href":"https:\/\/memoiresdumonde.gouv.ml\/index.php\/wp-json\/wp\/v2\/pages"}],"about":[{"href":"https:\/\/memoiresdumonde.gouv.ml\/index.php\/wp-json\/wp\/v2\/types\/page"}],"author":[{"embeddable":true,"href":"https:\/\/memoiresdumonde.gouv.ml\/index.php\/wp-json\/wp\/v2\/users\/2"}],"replies":[{"embeddable":true,"href":"https:\/\/memoiresdumonde.gouv.ml\/index.php\/wp-json\/wp\/v2\/comments?post=103"}],"version-history":[{"count":3,"href":"https:\/\/memoiresdumonde.gouv.ml\/index.php\/wp-json\/wp\/v2\/pages\/103\/revisions"}],"predecessor-version":[{"id":107,"href":"https:\/\/memoiresdumonde.gouv.ml\/index.php\/wp-json\/wp\/v2\/pages\/103\/revisions\/107"}],"wp:attachment":[{"href":"https:\/\/memoiresdumonde.gouv.ml\/index.php\/wp-json\/wp\/v2\/media?parent=103"}],"curies":[{"name":"wp","href":"https:\/\/api.w.org\/{rel}","templated":true}]}}